{"id":3957,"date":"2020-03-04T11:27:16","date_gmt":"2020-03-04T11:27:16","guid":{"rendered":"https:\/\/www.acetiket.com.tr\/products\/"},"modified":"2022-10-21T15:21:12","modified_gmt":"2022-10-21T15:21:12","slug":"products","status":"publish","type":"page","link":"https:\/\/www.acetiket.com.tr\/en\/products\/","title":{"rendered":"Products"},"content":{"rendered":"\t\t<div data-elementor-type=\"wp-page\" data-elementor-id=\"3957\" class=\"elementor elementor-3957\">\n\t\t\t\t\t\t<div class=\"elementor-inner\">\n\t\t\t\t<div class=\"elementor-section-wrap\">\n\t\t\t\t\t\t\t        <section class=\"elementor-section elementor-top-section elementor-element elementor-element-4bd8ab4 elementor-section-boxed elementor-section-height-default elementor-section-height-default\" data-id=\"4bd8ab4\" data-element_type=\"section\">\n            \n                        <div class=\"elementor-container elementor-column-gap-extended \">\n                            <div class=\"elementor-row\">\n                    <div class=\"elementor-column elementor-col-100 elementor-top-column elementor-element elementor-element-c8b0dfd\" data-id=\"c8b0dfd\" data-element_type=\"column\">\n            <div class=\"elementor-column-wrap elementor-element-populated\">\n                            <div class=\"elementor-widget-wrap\">\n                \t\t<div class=\"elementor-element elementor-element-bd9fa29 elementor-widget elementor-widget-ct_service_grid\" data-id=\"bd9fa29\" data-element_type=\"widget\" data-widget_type=\"ct_service_grid.default\">\n\t\t\t\t<div class=\"elementor-widget-container\">\n\t\t\t\r\n<div id=\"ct_service_grid-bd9fa29\" class=\"ct-grid ct-service-grid1\" data-layout=\"masonry\" data-start-page=\"1\" data-max-pages=\"1\" data-total=\"3\" data-perpage=\"3\" data-next-link=\"\">\r\n    <div class=\"ct-grid-overlay\"><\/div>\r\n    \r\n    <div class=\"ct-grid-inner ct-grid-masonry row animate-time\" data-gutter=\"15\">\r\n                        <div class=\"grid-item col-xl-4 col-lg-4 col-md-6 col-sm-6 col-12 \">\r\n                    <div class=\"grid-item-inner \" data-wow-duration=\"1.2s\">\r\n                                                    <div class=\"item--featured\">\r\n                                <a href=\"https:\/\/www.acetiket.com.tr\/en\/service\/label\/\"><img loading=\"lazy\" decoding=\"async\" class=\"\" src=\"https:\/\/www.acetiket.com.tr\/wp-content\/uploads\/2020\/12\/etiket-480x231.jpg\" width=\"480\" height=\"231\" alt=\"etiket\" title=\"etiket\" \/><\/a>\r\n                            <\/div>\r\n                                                <div class=\"item--holder\">\r\n                                                            <h3 class=\"item--title\"><a href=\"https:\/\/www.acetiket.com.tr\/en\/service\/label\/\">Label<\/a><\/h3>\r\n                                                                                    <div class=\"item--readmore ft-h\">\r\n                                <a href=\"https:\/\/www.acetiket.com.tr\/en\/service\/label\/\">+<\/a>\r\n                            <\/div>\r\n                        <\/div>\r\n                    <\/div>\r\n                <\/div>\r\n                            <div class=\"grid-item col-xl-4 col-lg-4 col-md-6 col-sm-6 col-12 \">\r\n                    <div class=\"grid-item-inner \" data-wow-duration=\"1.2s\">\r\n                                                    <div class=\"item--featured\">\r\n                                <a href=\"https:\/\/www.acetiket.com.tr\/en\/service\/printing\/\"><img loading=\"lazy\" decoding=\"async\" class=\"\" src=\"https:\/\/www.acetiket.com.tr\/wp-content\/uploads\/2020\/12\/matbaa-480x231.jpg\" width=\"480\" height=\"231\" alt=\"matbaa\" title=\"matbaa\" \/><\/a>\r\n                            <\/div>\r\n                                                <div class=\"item--holder\">\r\n                                                            <h3 class=\"item--title\"><a href=\"https:\/\/www.acetiket.com.tr\/en\/service\/printing\/\">Printing<\/a><\/h3>\r\n                                                                                    <div class=\"item--readmore ft-h\">\r\n                                <a href=\"https:\/\/www.acetiket.com.tr\/en\/service\/printing\/\">+<\/a>\r\n                            <\/div>\r\n                        <\/div>\r\n                    <\/div>\r\n                <\/div>\r\n                            <div class=\"grid-item col-xl-4 col-lg-4 col-md-6 col-sm-6 col-12 \">\r\n                    <div class=\"grid-item-inner \" data-wow-duration=\"1.2s\">\r\n                                                    <div class=\"item--featured\">\r\n                                <a href=\"https:\/\/www.acetiket.com.tr\/en\/service\/ribbon\/\"><img loading=\"lazy\" decoding=\"async\" class=\"\" src=\"https:\/\/www.acetiket.com.tr\/wp-content\/uploads\/2020\/12\/ribongorsel-480x231.jpg\" width=\"480\" height=\"231\" alt=\"ribong\u00f6rsel\" title=\"ribong\u00f6rsel\" \/><\/a>\r\n                            <\/div>\r\n                                                <div class=\"item--holder\">\r\n                                                            <h3 class=\"item--title\"><a href=\"https:\/\/www.acetiket.com.tr\/en\/service\/ribbon\/\">Ribbon<\/a><\/h3>\r\n                                                                                    <div class=\"item--readmore ft-h\">\r\n                                <a href=\"https:\/\/www.acetiket.com.tr\/en\/service\/ribbon\/\">+<\/a>\r\n                            <\/div>\r\n                        <\/div>\r\n                    <\/div>\r\n                <\/div>\r\n                                <div class=\"grid-sizer col-xl-4 col-lg-4 col-md-6 col-sm-6 col-12\"><\/div>\r\n            <\/div>\r\n        <\/div>\t\t<\/div>\n\t\t\t\t<\/div>\n\t\t                <\/div>\n                    <\/div>\n        <\/div>\n                                <\/div>\n                    <\/div>\n        <\/section>\n        \t\t\t\t\t\t\t<\/div>\n\t\t\t<\/div>\n\t\t\t\t\t<\/div>\n\t\t","protected":false},"excerpt":{"rendered":"<p>Etiket Etiket tasar\u0131mlar\u0131n\u0131n grafikerlerimiz taraf\u0131ndan bask\u0131ya haz\u0131r hale getirildikten sonra bask\u0131 \u00f6ncesi onay\u0131 taraf\u0131n\u0131zdan al\u0131n\u0131r. Onay s\u00fcreci sonras\u0131nda istemi\u015f oldu\u011funuz \u00fcr\u00fcne \u00f6zel kli\u015fe ve b\u0131\u00e7ak \u00fcretimi\u2026 + Matbaa Y\u00fcksek bask\u0131 teknolojilerimiz ve tecr\u00fcbeli \u00e7al\u0131\u015fanlar\u0131m\u0131z sayesinde, t\u00fcm bask\u0131lar\u0131 zaman\u0131nda ve istenilen \u015fekilde m\u00fc\u015fterilerimizle bulu\u015ftururuz. Katlama ve \u00f6zel kesim makinelerimiz sayesinde belirtti\u011finiz \u00f6zelliklere uygun olarak\u2026 + Ribon [&hellip;]<\/p>\n","protected":false},"author":1,"featured_media":0,"parent":0,"menu_order":0,"comment_status":"closed","ping_status":"closed","template":"","meta":{"footnotes":""},"class_list":["post-3957","page","type-page","status-publish","hentry"],"_links":{"self":[{"href":"https:\/\/www.acetiket.com.tr\/en\/wp-json\/wp\/v2\/pages\/3957","targetHints":{"allow":["GET"]}}],"collection":[{"href":"https:\/\/www.acetiket.com.tr\/en\/wp-json\/wp\/v2\/pages"}],"about":[{"href":"https:\/\/www.acetiket.com.tr\/en\/wp-json\/wp\/v2\/types\/page"}],"author":[{"embeddable":true,"href":"https:\/\/www.acetiket.com.tr\/en\/wp-json\/wp\/v2\/users\/1"}],"replies":[{"embeddable":true,"href":"https:\/\/www.acetiket.com.tr\/en\/wp-json\/wp\/v2\/comments?post=3957"}],"version-history":[{"count":2,"href":"https:\/\/www.acetiket.com.tr\/en\/wp-json\/wp\/v2\/pages\/3957\/revisions"}],"predecessor-version":[{"id":3963,"href":"https:\/\/www.acetiket.com.tr\/en\/wp-json\/wp\/v2\/pages\/3957\/revisions\/3963"}],"wp:attachment":[{"href":"https:\/\/www.acetiket.com.tr\/en\/wp-json\/wp\/v2\/media?parent=3957"}],"curies":[{"name":"wp","href":"https:\/\/api.w.org\/{rel}","templated":true}]}}